{"id":282,"date":"2025-12-20T17:40:46","date_gmt":"2025-12-20T17:40:46","guid":{"rendered":"https:\/\/www.apesmetalshop.fi\/?page_id=282"},"modified":"2025-12-30T15:10:30","modified_gmt":"2025-12-30T15:10:30","slug":"tietosuojaseloste","status":"publish","type":"page","link":"https:\/\/www.apesmetalshop.fi\/en\/tietosuojaseloste\/","title":{"rendered":"Privacy Policy"},"content":{"rendered":"<h2 class=\"wp-block-heading has-body-font-family\">Privacy Policy<\/h2>\n\n\n\n<p>Rekisterinpit\u00e4j\u00e4ll\u00e4 on tietosuoja-asetuksen mukaan velvollisuus informoida selke\u00e4ll\u00e4 tavalla rekister\u00f6ityj\u00e4. T\u00e4m\u00e4 tietosuojaseloste t\u00e4ytt\u00e4\u00e4 informointivelvoitteen.<\/p>\n\n\n\n<div style=\"height:50px\" aria-hidden=\"true\" class=\"wp-block-spacer\"><\/div>\n\n\n\n<ol class=\"wp-block-list\">\n<li><strong>Rekisterinpit\u00e4j\u00e4<\/strong><br><br>Ape&#8217;s metalshop Oy<br>2614971-9<br>www.apesmetalshop.fi<br><br>Yhteystiedot:<br>Puistikkotie 5 A 8<br>04130 Sipoo<br><br><br><em>Yhteystiedot rekisteri\u00e4 koskevissa asioissa<\/em><br>Ape&#8217;s metalshop Oy<br>Anssi Juvonen<br>0407607070<br>anssi.juvonen@apesmetalshop.fi<br><br><em>Tietosuojavastaava<\/em><br>Ape&#8217;s metalshop Oy<br>Anssi Juvonen<br>0407607070<br>anssi.juvonen@apesmetalshop.fi<\/li>\n<\/ol>\n\n\n\n<div style=\"height:50px\" aria-hidden=\"true\" class=\"wp-block-spacer\"><\/div>\n\n\n\n<hr class=\"wp-block-separator has-text-color has-base-color has-alpha-channel-opacity has-base-background-color has-background is-style-wide\"\/>\n\n\n\n<p>2. <strong>Rekisterin k\u00e4ytt\u00f6tarkoitus<\/strong><\/p>\n\n\n\n<p>Ker\u00e4\u00e4mme, s\u00e4ilyt\u00e4mme ja k\u00e4sittelemme sinua koskevia henkil\u00f6tietoja vain ennalta m\u00e4\u00e4riteltyihin tarkoituksiin. P\u00e4\u00e4asiallisia k\u00e4ytt\u00f6tarkoituksia ovat:<\/p>\n\n\n\n<ul class=\"wp-block-list\">\n<li>palveluidemme kohdentaminen sinulle<\/li>\n\n\n\n<li>oikeudellisten velvoitteiden ja vaateiden t\u00e4ytt\u00e4minen<\/li>\n\n\n\n<li>asiakasviestint\u00e4<\/li>\n\n\n\n<li>yhteydenottopyynt\u00f6ihin vastaaminen<\/li>\n\n\n\n<li>liiketoimintamme kehitt\u00e4minen<\/li>\n<\/ul>\n\n\n\n<p>Rekisterin pit\u00e4misen peruste:<\/p>\n\n\n\n<ul class=\"wp-block-list\">\n<li>Henkil\u00f6tietoja k\u00e4sitell\u00e4\u00e4n rekister\u00f6idyn asiakassuhteen perusteella &nbsp;<\/li>\n\n\n\n<li>Henkil\u00f6tietoja k\u00e4sitell\u00e4\u00e4n suostumuksen perusteella (esim. messuilla tai nettisivuilla ker\u00e4tty potentiaalilista, lomakkeelle kysytty lupa markkinointiin)<\/li>\n<\/ul>\n\n\n\n<div style=\"height:50px\" aria-hidden=\"true\" class=\"wp-block-spacer\"><\/div>\n\n\n\n<hr class=\"wp-block-separator has-text-color has-base-color has-alpha-channel-opacity has-base-background-color has-background is-style-wide\"\/>\n\n\n\n<p>3. <strong>Rekisteriin tallennettavat henkil\u00f6tiedot<\/strong>&nbsp;<\/p>\n\n\n\n<p>Asiakasrekisteri sis\u00e4lt\u00e4\u00e4 seuraavat tiedot:&nbsp;<\/p>\n\n\n\n<p>Contact Info<\/p>\n\n\n\n<ul class=\"wp-block-list\">\n<li>nimi&nbsp;<\/li>\n\n\n\n<li>osoite&nbsp;<\/li>\n\n\n\n<li>s\u00e4hk\u00f6posti&nbsp;<\/li>\n\n\n\n<li>puhelinnumero<\/li>\n<\/ul>\n\n\n\n<p>Asiakastiedoista s\u00e4ilyt\u00e4mme:<\/p>\n\n\n\n<ul class=\"wp-block-list\">\n<li>Tiedot ostetuista tuotteista<\/li>\n\n\n\n<li>Tiedot ostetuista palveluista<\/li>\n<\/ul>\n\n\n\n<div style=\"height:50px\" aria-hidden=\"true\" class=\"wp-block-spacer\"><\/div>\n\n\n\n<hr class=\"wp-block-separator has-text-color has-base-color has-alpha-channel-opacity has-base-background-color has-background is-style-wide\"\/>\n\n\n\n<p>4<strong>. Rekister\u00f6idyn oikeudet&nbsp;<\/strong><\/p>\n\n\n\n<p>Rekister\u00f6idyll\u00e4 on seuraavat oikeudet, joiden k\u00e4ytt\u00e4mist\u00e4 koskevat pyynn\u00f6t tulee tehd\u00e4 osoitteeseen<strong> <\/strong>anssi.juvonen@apesmetalshop.fi<\/p>\n\n\n\n<p><strong>Tarkastusoikeus&nbsp;<\/strong><\/p>\n\n\n\n<p>Rekister\u00f6ity voi tarkistaa tallentamamme henkil\u00f6tiedot.&nbsp;&nbsp;<\/p>\n\n\n\n<p><strong>Oikeus tietojen oikaisemiseen<\/strong><\/p>\n\n\n\n<p>Rekister\u00f6ity voi pyyt\u00e4\u00e4 oikaisemaan h\u00e4nt\u00e4 koskevat virheelliset tai puutteelliset tiedot.<\/p>\n\n\n\n<p><strong>Vastustamisoikeus<\/strong>&nbsp;<\/p>\n\n\n\n<p>Rekister\u00f6ity voi vastustaa henkil\u00f6tietojen k\u00e4sittely\u00e4, mik\u00e4li kokee, ett\u00e4 henkil\u00f6tietoja on k\u00e4sitelty lainvastaisesti.&nbsp;&nbsp;<\/p>\n\n\n\n<p><strong>Suoramarkkinointikielto<\/strong>&nbsp;<\/p>\n\n\n\n<p>Rekister\u00f6idyll\u00e4 on oikeus kielt\u00e4\u00e4 tietojen k\u00e4ytt\u00e4minen suoramarkkinointiin.&nbsp;<\/p>\n\n\n\n<p><strong>Poisto-oikeus&nbsp;<\/strong><\/p>\n\n\n\n<p>Rekister\u00f6idyll\u00e4 on oikeus pyyt\u00e4\u00e4 tietojen poistamista, jos tietojen k\u00e4sittely ei ole tarpeen. K\u00e4sittelemme poistopyynn\u00f6n, jonka j\u00e4lkeen joko poistamme tiedot tai ilmoitamme perustellun syyn, miksi tietoja ei voida poistaa.&nbsp;&nbsp;<\/p>\n\n\n\n<p>On huomioitava, ett\u00e4 rekisterinpit\u00e4j\u00e4ll\u00e4 voi olla lakis\u00e4\u00e4teinen tai muu oikeus olla poistamatta pyydetty\u00e4 tietoa. Rekisterinpit\u00e4j\u00e4ll\u00e4 on velvollisuus s\u00e4ilytt\u00e4\u00e4 kirjanpitoaineisto Kirjanpitolaissa (luku 2, 10 \u00a7) m\u00e4\u00e4ritellyn ajan (10 vuotta) mukaisesti. T\u00e4m\u00e4n vuoksi kirjanpitoon liittyv\u00e4\u00e4 aineistoa ei voida poistaa ennen m\u00e4\u00e4r\u00e4ajan umpeutumista.<\/p>\n\n\n\n<p><strong>Suostumuksen peruuttaminen<\/strong><\/p>\n\n\n\n<p>Jos rekister\u00f6ity\u00e4 koskeva henkil\u00f6tietojen k\u00e4sittely perustuu ainoastaan suostumukseen, eik\u00e4 esim. asiakkuuteen tai j\u00e4senyyteen, voi rekister\u00f6ity peruuttaa suostumuksen.<\/p>\n\n\n\n<p><strong>Rekister\u00f6ity voi valittaa p\u00e4\u00e4t\u00f6ksest\u00e4 tietosuojavaltuutetulle<\/strong>&nbsp;<\/p>\n\n\n\n<p>Rekister\u00f6idyll\u00e4 on oikeus vaatia, ett\u00e4 rajoitamme kiistanalaisten tietojen k\u00e4sittely\u00e4 siksi aikaa, kunnes asia saadaan ratkaistua.&nbsp;<\/p>\n\n\n\n<p><strong>Valitusoikeus&nbsp;<\/strong><\/p>\n\n\n\n<p>Rekister\u00f6idyll\u00e4 on oikeus tehd\u00e4 valitus tietosuojavaltuutetulle kantelu, jos h\u00e4n kokee, ett\u00e4 rikomme henkil\u00f6tietoja k\u00e4sitelless\u00e4mme voimassa olevaa tietosuojalains\u00e4\u00e4d\u00e4nt\u00f6\u00e4.&nbsp;<\/p>\n\n\n\n<p>Tietosuojavaltuutetun yhteystiedot:&nbsp; <a href=\"http:\/\/www.tietosuoja.fi\/fi\/index\/yhteystiedot.html\">www.tietosuoja.fi\/fi\/index\/yhteystiedot.html<\/a>&nbsp;<\/p>\n\n\n\n<div style=\"height:50px\" aria-hidden=\"true\" class=\"wp-block-spacer\"><\/div>\n\n\n\n<hr class=\"wp-block-separator has-text-color has-base-color has-alpha-channel-opacity has-base-background-color has-background is-style-wide\"\/>\n\n\n\n<p><strong>5. S\u00e4\u00e4nn\u00f6nmukaiset tietol\u00e4hteet&nbsp;<\/strong><\/p>\n\n\n\n<p>Asiakastiedot saadaan s\u00e4\u00e4nn\u00f6nmukaisesti:<\/p>\n\n\n\n<ul class=\"wp-block-list\">\n<li>Asiakkaalta itselt\u00e4\u00e4n asiakassuhteen syntyess\u00e4&nbsp;<\/li>\n\n\n\n<li>Asiakkaalta itselt\u00e4\u00e4n verkkolomakkeiden kautta<\/li>\n\n\n\n<li>Asiakkaalta itselt\u00e4\u00e4n tapahtumissa paperilomakkeiden kautta<\/li>\n<\/ul>\n\n\n\n<div style=\"height:50px\" aria-hidden=\"true\" class=\"wp-block-spacer\"><\/div>\n\n\n\n<hr class=\"wp-block-separator has-text-color has-base-color has-alpha-channel-opacity has-base-background-color has-background is-style-wide\"\/>\n\n\n\n<p>6<strong>. S\u00e4\u00e4nn\u00f6nmukaiset tietojen luovutukset&nbsp;<\/strong><\/p>\n\n\n\n<p>Tietoja ei p\u00e4\u00e4s\u00e4\u00e4nt\u00f6isesti luovuteta markkinointitarkoituksiin Ape&#8217;s metalshop Oy:n ulkopuolelle.<\/p>\n\n\n\n<div style=\"height:50px\" aria-hidden=\"true\" class=\"wp-block-spacer\"><\/div>\n\n\n\n<hr class=\"wp-block-separator has-text-color has-base-color has-alpha-channel-opacity has-base-background-color has-background is-style-wide\"\/>\n\n\n\n<p>7<strong>. K\u00e4sittelyn kesto&nbsp;<\/strong><\/p>\n\n\n\n<ul class=\"wp-block-list\">\n<li> Henkil\u00f6tietoja k\u00e4sitell\u00e4\u00e4n p\u00e4\u00e4s\u00e4\u00e4nt\u00f6isesti niin kauan, kuin asiakkuus on voimassa.<\/li>\n<\/ul>\n\n\n\n<ul class=\"wp-block-list\">\n<li>Markkinointilistaltamme rekister\u00f6ity p\u00e4\u00e4see poistumaan itse jokaisessa l\u00e4hett\u00e4m\u00e4ss\u00e4mme markkinointis\u00e4hk\u00f6postissamme olevan linkin kautta.&nbsp;&nbsp;<\/li>\n<\/ul>\n\n\n\n<div style=\"height:50px\" aria-hidden=\"true\" class=\"wp-block-spacer\"><\/div>\n\n\n\n<hr class=\"wp-block-separator has-text-color has-base-color has-alpha-channel-opacity has-base-background-color has-background is-style-wide\"\/>\n\n\n\n<p>8<strong>. Henkil\u00f6tietojen k\u00e4sittelij\u00e4t&nbsp;<\/strong><\/p>\n\n\n\n<p>Rekisterinpit\u00e4j\u00e4 ja t\u00e4m\u00e4n ty\u00f6ntekij\u00e4t k\u00e4sittelev\u00e4t henkil\u00f6tietoja. Voimme my\u00f6s ulkoistaa henkil\u00f6tietojen k\u00e4sittelyn osittain kolmannelle osapuolelle, jolloin takaamme sopimusj\u00e4rjestelyin, ett\u00e4 henkil\u00f6tietoja k\u00e4sitell\u00e4\u00e4n voimassa olevan tietosuojalains\u00e4\u00e4d\u00e4nn\u00f6n mukaisesti ja muutoin asianmukaisesti.&nbsp;<\/p>\n\n\n\n<div style=\"height:50px\" aria-hidden=\"true\" class=\"wp-block-spacer\"><\/div>\n\n\n\n<hr class=\"wp-block-separator has-text-color has-base-color has-alpha-channel-opacity has-base-background-color has-background is-style-wide\"\/>\n\n\n\n<p><strong>9. Tietojen siirto EU:n ulkopuolelle&nbsp;<\/strong><\/p>\n\n\n\n<p>Henkil\u00f6tietoja ei siirret\u00e4 EU:n tai Euroopan talousalueen ulkopuolelle.<\/p>\n\n\n\n<div style=\"height:50px\" aria-hidden=\"true\" class=\"wp-block-spacer\"><\/div>\n\n\n\n<hr class=\"wp-block-separator has-text-color has-base-color has-alpha-channel-opacity has-base-background-color has-background is-style-wide\"\/>\n\n\n\n<p><strong>10. Automaattinen p\u00e4\u00e4t\u00f6ksenteko ja profilointi&nbsp;<\/strong><\/p>\n\n\n\n<p>Emme k\u00e4yt\u00e4 tietoja automaattiseen p\u00e4\u00e4t\u00f6ksentekoon tai profilointiin.&nbsp;<\/p>\n\n\n\n<div style=\"height:50px\" aria-hidden=\"true\" class=\"wp-block-spacer\"><\/div>\n\n\n\n<hr class=\"wp-block-separator has-text-color has-base-color has-alpha-channel-opacity has-base-background-color has-background is-style-wide\"\/>\n\n\n\n<p class=\"has-contrast-3-color has-text-color has-link-color has-small-font-size wp-elements-1263e630407264d4bed89ea7ae6e5ea8\">Tietosuojaseloste  |  Ape&#8217;s metalshop Oy<\/p>","protected":false},"excerpt":{"rendered":"<p>Tietosuojaseloste Rekisterinpit\u00e4j\u00e4ll\u00e4 on tietosuoja-asetuksen mukaan velvollisuus informoida selke\u00e4ll\u00e4 tavalla rekister\u00f6ityj\u00e4. T\u00e4m\u00e4 tietosuojaseloste t\u00e4ytt\u00e4\u00e4 informointivelvoitteen. 2. Rekisterin k\u00e4ytt\u00f6tarkoitus Ker\u00e4\u00e4mme, s\u00e4ilyt\u00e4mme ja k\u00e4sittelemme sinua koskevia henkil\u00f6tietoja vain ennalta m\u00e4\u00e4riteltyihin tarkoituksiin. P\u00e4\u00e4asiallisia k\u00e4ytt\u00f6tarkoituksia ovat: Rekisterin pit\u00e4misen peruste: 3. Rekisteriin tallennettavat henkil\u00f6tiedot&nbsp; Asiakasrekisteri sis\u00e4lt\u00e4\u00e4 seuraavat tiedot:&nbsp; Yhteystiedot Asiakastiedoista s\u00e4ilyt\u00e4mme: 4. Rekister\u00f6idyn oikeudet&nbsp; Rekister\u00f6idyll\u00e4 on seuraavat oikeudet, joiden k\u00e4ytt\u00e4mist\u00e4 koskevat [&hellip;]<\/p>\n","protected":false},"author":1,"featured_media":0,"parent":0,"menu_order":0,"comment_status":"closed","ping_status":"closed","template":"","meta":{"om_disable_all_campaigns":false,"_monsterinsights_skip_tracking":false,"_monsterinsights_sitenote_active":false,"_monsterinsights_sitenote_note":"","_monsterinsights_sitenote_category":0,"_themeisle_gutenberg_block_has_review":false,"footnotes":""},"class_list":["post-282","page","type-page","status-publish","hentry"],"aioseo_notices":[],"_links":{"self":[{"href":"https:\/\/www.apesmetalshop.fi\/en\/wp-json\/wp\/v2\/pages\/282","targetHints":{"allow":["GET"]}}],"collection":[{"href":"https:\/\/www.apesmetalshop.fi\/en\/wp-json\/wp\/v2\/pages"}],"about":[{"href":"https:\/\/www.apesmetalshop.fi\/en\/wp-json\/wp\/v2\/types\/page"}],"author":[{"embeddable":true,"href":"https:\/\/www.apesmetalshop.fi\/en\/wp-json\/wp\/v2\/users\/1"}],"replies":[{"embeddable":true,"href":"https:\/\/www.apesmetalshop.fi\/en\/wp-json\/wp\/v2\/comments?post=282"}],"version-history":[{"count":2,"href":"https:\/\/www.apesmetalshop.fi\/en\/wp-json\/wp\/v2\/pages\/282\/revisions"}],"predecessor-version":[{"id":340,"href":"https:\/\/www.apesmetalshop.fi\/en\/wp-json\/wp\/v2\/pages\/282\/revisions\/340"}],"wp:attachment":[{"href":"https:\/\/www.apesmetalshop.fi\/en\/wp-json\/wp\/v2\/media?parent=282"}],"curies":[{"name":"wp","href":"https:\/\/api.w.org\/{rel}","templated":true}]}}