{"id":66,"date":"2024-12-08T07:58:48","date_gmt":"2024-12-08T07:58:48","guid":{"rendered":"https:\/\/www.apesmetalshop.fi\/?page_id=66"},"modified":"2026-01-21T18:16:33","modified_gmt":"2026-01-21T18:16:33","slug":"yhteystiedot","status":"publish","type":"page","link":"https:\/\/www.apesmetalshop.fi\/en\/yhteystiedot\/","title":{"rendered":"Contact Info"},"content":{"rendered":"<div class=\"wp-block-cover alignfull wp-duotone-duotone-5\"><img loading=\"lazy\" decoding=\"async\" width=\"1024\" height=\"546\" class=\"wp-block-cover__image-background wp-image-68\" alt=\"Yhteystiedot johtavat suoraan firman omistajalle - minulle\" src=\"https:\/\/www.apesmetalshop.fi\/wp-content\/uploads\/2024\/12\/Ota-yhteytta-cover-1024x546.png\" data-object-fit=\"cover\" srcset=\"https:\/\/www.apesmetalshop.fi\/wp-content\/uploads\/2024\/12\/Ota-yhteytta-cover-1024x546.png 1024w, https:\/\/www.apesmetalshop.fi\/wp-content\/uploads\/2024\/12\/Ota-yhteytta-cover-300x160.png 300w, https:\/\/www.apesmetalshop.fi\/wp-content\/uploads\/2024\/12\/Ota-yhteytta-cover-768x410.png 768w, https:\/\/www.apesmetalshop.fi\/wp-content\/uploads\/2024\/12\/Ota-yhteytta-cover.png 1500w\" sizes=\"auto, (max-width: 1024px) 100vw, 1024px\" \/><span aria-hidden=\"true\" class=\"wp-block-cover__background has-background-dim\"><\/span><div class=\"wp-block-cover__inner-container is-layout-flow wp-block-cover-is-layout-flow\">\n<h2 class=\"wp-block-heading has-text-align-center has-body-font-family has-xx-large-font-size\">Contact Info<\/h2>\n<\/div><\/div>\n\n\n\n<div style=\"height:20px\" aria-hidden=\"true\" class=\"wp-block-spacer\"><\/div>\n\n\n\n<div class=\"wp-block-group has-border-color has-global-padding is-layout-constrained wp-container-core-group-is-layout-476c5cf1 wp-block-group-is-layout-constrained\" style=\"border-color:#f9f9f9;border-width:4px;border-top-left-radius:15px;border-top-right-radius:15px;border-bottom-left-radius:15px;border-bottom-right-radius:15px;margin-top:0;margin-bottom:0;padding-top:var(--wp--preset--spacing--40);padding-right:var(--wp--preset--spacing--20);padding-bottom:var(--wp--preset--spacing--40);padding-left:var(--wp--preset--spacing--20)\">\n<p class=\"has-text-align-left\">Feel free to save my contact details to your phone and reach out without hesitation. On the other end, you\u2019ll be speaking directly with the owner, entrepreneur, and trainer, <a href=\"\/en\/anssi-juvonen\/\" target=\"_blank\" rel=\"noopener\" title=\"Anssi Juvonen\">Anssi Juvonen<\/a>.<\/p>\n\n\n\n<ul class=\"wp-block-list\">\n<li>Offer a job<\/li>\n\n\n\n<li>Ask about training or a project<\/li>\n\n\n\n<li>Suggest a collaboration<\/li>\n\n\n\n<li>Hire me for work<\/li>\n\n\n\n<li>Anything else<\/li>\n<\/ul>\n\n\n\n<p class=\"has-text-align-left\">A phone call, email, WhatsApp\u2014whatever works for you, all of them reach me.<\/p>\n\n\n\n<div style=\"height:10px\" aria-hidden=\"true\" class=\"wp-block-spacer\"><\/div>\n\n\n\n<p class=\"has-text-align-left has-medium-font-size\"><a href=\"#laskutustiedot\" title=\"\">Billing details<\/a> can be found at the bottom of the page.<\/p>\n<\/div>\n\n\n\n<hr class=\"wp-block-separator has-text-color has-base-2-color has-alpha-channel-opacity has-base-2-background-color has-background is-style-wide\" style=\"margin-top:var(--wp--preset--spacing--30);margin-bottom:var(--wp--preset--spacing--30)\"\/>\n\n\n\n<div class=\"wp-block-group animated fadeIn delay-500ms slower has-global-padding is-layout-constrained wp-block-group-is-layout-constrained\">\n<h2 class=\"wp-block-heading has-text-align-center has-body-font-family\" style=\"font-style:normal;font-weight:300\">Contact Info<\/h2>\n\n\n\n<div class=\"wp-block-columns is-layout-flex wp-container-core-columns-is-layout-28f84493 wp-block-columns-is-layout-flex\">\n<div class=\"wp-block-column is-layout-flow wp-block-column-is-layout-flow\">\n<div style=\"height:65px\" aria-hidden=\"true\" class=\"wp-block-spacer\"><\/div>\n\n\n\n<p class=\"has-contrast-3-color has-text-color has-link-color has-small-font-size wp-elements-af31fe296982c7b2244137d23eba5a3e\" style=\"font-style:italic;font-weight:300\">Ape&#8217;s metalshop Oy<br>Mittatie 14, Vantaa<br><br>Anssi Juvonen<br>0407607070<br>anssi.juvonen@apesmetalshop.fi<\/p>\n<\/div>\n\n\n\n<div class=\"wp-block-column is-layout-flow wp-block-column-is-layout-flow\">\n<figure class=\"wp-block-image size-full\"><img loading=\"lazy\" decoding=\"async\" width=\"895\" height=\"896\" src=\"https:\/\/www.apesmetalshop.fi\/wp-content\/uploads\/2024\/12\/Ota-yhteytta-Ape2.png\" alt=\"Omistaja, yritt\u00e4j\u00e4 ja puuhamies Anssi Juvonen\" class=\"wp-image-56\" srcset=\"https:\/\/www.apesmetalshop.fi\/wp-content\/uploads\/2024\/12\/Ota-yhteytta-Ape2.png 895w, https:\/\/www.apesmetalshop.fi\/wp-content\/uploads\/2024\/12\/Ota-yhteytta-Ape2-300x300.png 300w, https:\/\/www.apesmetalshop.fi\/wp-content\/uploads\/2024\/12\/Ota-yhteytta-Ape2-150x150.png 150w, https:\/\/www.apesmetalshop.fi\/wp-content\/uploads\/2024\/12\/Ota-yhteytta-Ape2-768x769.png 768w\" sizes=\"auto, (max-width: 895px) 100vw, 895px\" \/><\/figure>\n<\/div>\n<\/div>\n<\/div>\n\n\n\n<div class=\"wp-block-columns is-layout-flex wp-container-core-columns-is-layout-28f84493 wp-block-columns-is-layout-flex\">\n<div class=\"wp-block-column is-layout-flow wp-block-column-is-layout-flow\">\n<div id=\"wp-block-themeisle-blocks-font-awesome-icons-9db9c778\" class=\"wp-block-themeisle-blocks-font-awesome-icons\"><span class=\"wp-block-themeisle-blocks-font-awesome-icons-container\"><a href=\"https:\/\/www.linkedin.com\/in\/anssi-juvonen\/\" target=\"_self\" rel=\"noopener noreferrer\"><i class=\"fab fa-linkedin\"><\/i><\/a><\/span><\/div>\n\n\n\n<p class=\"has-text-align-center\" style=\"margin-top:0;margin-bottom:0\">LinkedIn<\/p>\n<\/div>\n\n\n\n<div class=\"wp-block-column is-layout-flow wp-block-column-is-layout-flow\">\n<div id=\"wp-block-themeisle-blocks-font-awesome-icons-e8381b08\" class=\"wp-block-themeisle-blocks-font-awesome-icons\"><span class=\"wp-block-themeisle-blocks-font-awesome-icons-container\"><a href=\"https:\/\/www.instagram.com\/apes.metalshop\" target=\"_self\" rel=\"noopener noreferrer\"><i class=\"fab fa-instagram\"><\/i><\/a><\/span><\/div>\n\n\n\n<p class=\"has-text-align-center\" style=\"margin-top:0;margin-bottom:0;padding-top:0;padding-bottom:0\">Instagram<\/p>\n<\/div>\n<\/div>\n\n\n\n<div style=\"height:50px\" aria-hidden=\"true\" class=\"wp-block-spacer\"><\/div>\n\n\n\n<h2 class=\"wp-block-heading has-text-align-center has-body-font-family has-large-font-size\" style=\"font-style:normal;font-weight:300\">Location of the workshop<\/h2>\n\n\n\n<p class=\"has-text-align-center\">Click the map to open the location in Google Maps<br>Mittatie 14, Vantaa<\/p>\n\n\n\n<figure class=\"wp-block-image size-large is-style-rounded is-style-rounded--1\"><a href=\"https:\/\/maps.app.goo.gl\/TPU5JdRNd33B7ZNo6\"><img loading=\"lazy\" decoding=\"async\" width=\"1024\" height=\"575\" src=\"https:\/\/www.apesmetalshop.fi\/wp-content\/uploads\/2024\/12\/Kartta-sijainti-1024x575.png\" alt=\"Ape's metalshop Oy sijainti\" class=\"wp-image-47\" srcset=\"https:\/\/www.apesmetalshop.fi\/wp-content\/uploads\/2024\/12\/Kartta-sijainti-1024x575.png 1024w, https:\/\/www.apesmetalshop.fi\/wp-content\/uploads\/2024\/12\/Kartta-sijainti-300x169.png 300w, https:\/\/www.apesmetalshop.fi\/wp-content\/uploads\/2024\/12\/Kartta-sijainti-768x431.png 768w, https:\/\/www.apesmetalshop.fi\/wp-content\/uploads\/2024\/12\/Kartta-sijainti-1536x863.png 1536w, https:\/\/www.apesmetalshop.fi\/wp-content\/uploads\/2024\/12\/Kartta-sijainti.png 1577w\" sizes=\"auto, (max-width: 1024px) 100vw, 1024px\" \/><\/a><\/figure>\n\n\n\n<div style=\"height:25px\" aria-hidden=\"true\" class=\"wp-block-spacer\"><\/div>\n\n\n\n<hr class=\"wp-block-separator has-text-color has-base-2-color has-alpha-channel-opacity has-base-2-background-color has-background is-style-wide\"\/>\n\n\n\n<div style=\"height:25px\" aria-hidden=\"true\" class=\"wp-block-spacer\"><\/div>\n\n\n\n<div class=\"wp-block-group has-global-padding is-layout-constrained wp-block-group-is-layout-constrained\">\n<h2 class=\"wp-block-heading has-text-align-center has-body-font-family\" id=\"laskutustiedot\">Billing details<\/h2>\n\n\n\n<p class=\"has-text-align-center\">Invoices preferably as e-invoices:<\/p>\n<\/div>\n\n\n\n<div class=\"wp-block-columns is-layout-flex wp-container-core-columns-is-layout-28f84493 wp-block-columns-is-layout-flex\">\n<div class=\"wp-block-column is-layout-flow wp-block-column-is-layout-flow\">\n<p class=\"has-text-align-right\">Company:<br>E-invoice address:<br>Operator:<\/p>\n<\/div>\n\n\n\n<div class=\"wp-block-column is-layout-flow wp-block-column-is-layout-flow\">\n<p>Ape&#8217;s metalshop Oy<br>003726149719<br>Apix Messaging Oy<\/p>\n<\/div>\n<\/div>\n\n\n\n<div style=\"height:25px\" aria-hidden=\"true\" class=\"wp-block-spacer\"><\/div>\n\n\n\n<p class=\"has-text-align-center\">Invoices as PDF attachments by email to:<br>anssi.juvonen@apesmetalshop.fi<\/p>","protected":false},"excerpt":{"rendered":"<p>N\u00e4pp\u00e4ile yhteystiedot puhelimeesi matalalla kynnyksell\u00e4. Vastaamassa t\u00e4\u00e4ll\u00e4 toisessa p\u00e4\u00e4ss\u00e4 on omistaja, yritt\u00e4j\u00e4 ja kouluttaja Anssi Juvonen. Puhelinsoitto, s\u00e4hk\u00f6posti, WhatsApp tai mit\u00e4 ikin\u00e4 keksit, kaikilla tavoittaa. Laskutustiedot sivun alaosassa. Yhteystiedot Ape&#8217;s metalshop OyMittatie 14, Vantaa Anssi Juvonen0407607070anssi.juvonen@apesmetalshop.fi LinkedIn Instagram Pajan sijainti Klikkaa karttaa avataksesi sijainti Google MapsissaMittatie 14, Vantaa Laskutustiedot Laskut ensisijaisesti verkkolaskuina, kiitos. Yritys:Verkkolaskuosoite:Operaattori: Ape&#8217;s [&hellip;]<\/p>\n","protected":false},"author":1,"featured_media":0,"parent":0,"menu_order":0,"comment_status":"closed","ping_status":"closed","template":"","meta":{"om_disable_all_campaigns":false,"_monsterinsights_skip_tracking":false,"_monsterinsights_sitenote_active":false,"_monsterinsights_sitenote_note":"","_monsterinsights_sitenote_category":0,"_themeisle_gutenberg_block_has_review":false,"footnotes":""},"class_list":["post-66","page","type-page","status-publish","hentry"],"aioseo_notices":[],"_links":{"self":[{"href":"https:\/\/www.apesmetalshop.fi\/en\/wp-json\/wp\/v2\/pages\/66","targetHints":{"allow":["GET"]}}],"collection":[{"href":"https:\/\/www.apesmetalshop.fi\/en\/wp-json\/wp\/v2\/pages"}],"about":[{"href":"https:\/\/www.apesmetalshop.fi\/en\/wp-json\/wp\/v2\/types\/page"}],"author":[{"embeddable":true,"href":"https:\/\/www.apesmetalshop.fi\/en\/wp-json\/wp\/v2\/users\/1"}],"replies":[{"embeddable":true,"href":"https:\/\/www.apesmetalshop.fi\/en\/wp-json\/wp\/v2\/comments?post=66"}],"version-history":[{"count":15,"href":"https:\/\/www.apesmetalshop.fi\/en\/wp-json\/wp\/v2\/pages\/66\/revisions"}],"predecessor-version":[{"id":413,"href":"https:\/\/www.apesmetalshop.fi\/en\/wp-json\/wp\/v2\/pages\/66\/revisions\/413"}],"wp:attachment":[{"href":"https:\/\/www.apesmetalshop.fi\/en\/wp-json\/wp\/v2\/media?parent=66"}],"curies":[{"name":"wp","href":"https:\/\/api.w.org\/{rel}","templated":true}]}}