{"id":77,"date":"2024-12-16T17:11:04","date_gmt":"2024-12-16T17:11:04","guid":{"rendered":"https:\/\/www.apesmetalshop.fi\/?page_id=77"},"modified":"2025-12-31T20:52:05","modified_gmt":"2025-12-31T20:52:05","slug":"yritys","status":"publish","type":"page","link":"https:\/\/www.apesmetalshop.fi\/en\/yritys\/","title":{"rendered":"Company"},"content":{"rendered":"<div class=\"wp-block-cover alignfull animated fadeIn delay-200ms slower wp-duotone-duotone-5\"><img loading=\"lazy\" decoding=\"async\" width=\"1616\" height=\"1080\" class=\"wp-block-cover__image-background wp-image-83\" alt=\"\" src=\"https:\/\/www.apesmetalshop.fi\/wp-content\/uploads\/2024\/12\/Yritys-tausta.png\" style=\"object-position:47% 51%\" data-object-fit=\"cover\" data-object-position=\"47% 51%\" srcset=\"https:\/\/www.apesmetalshop.fi\/wp-content\/uploads\/2024\/12\/Yritys-tausta.png 1616w, https:\/\/www.apesmetalshop.fi\/wp-content\/uploads\/2024\/12\/Yritys-tausta-300x200.png 300w, https:\/\/www.apesmetalshop.fi\/wp-content\/uploads\/2024\/12\/Yritys-tausta-1024x684.png 1024w, https:\/\/www.apesmetalshop.fi\/wp-content\/uploads\/2024\/12\/Yritys-tausta-768x513.png 768w, https:\/\/www.apesmetalshop.fi\/wp-content\/uploads\/2024\/12\/Yritys-tausta-1536x1027.png 1536w\" sizes=\"auto, (max-width: 1616px) 100vw, 1616px\" \/><span aria-hidden=\"true\" class=\"wp-block-cover__background has-contrast-background-color has-background-dim-70 has-background-dim\"><\/span><div class=\"wp-block-cover__inner-container has-global-padding is-layout-constrained wp-block-cover-is-layout-constrained\">\n<h1 class=\"wp-block-heading has-text-align-center has-body-font-family has-xx-large-font-size\">Company<br><\/h1>\n\n\n\n<div class=\"wp-block-group has-global-padding is-layout-constrained wp-block-group-is-layout-constrained\">\n<p class=\"has-text-align-center\"><em>\"A one-man metalwork and mechanical engineering freelance company\"<\/em><br>A problem-solving professional with 20 years of experience.<\/p>\n<\/div>\n<\/div><\/div>\n\n\n\n<div style=\"height:25px\" aria-hidden=\"true\" class=\"wp-block-spacer\"><\/div>\n\n\n\n<h2 class=\"wp-block-heading has-text-align-left has-system-sans-serif-font-family has-large-font-size\" style=\"font-style:normal;font-weight:100\">Ape&#8217;s metalshop Oy<\/h2>\n\n\n\n<p class=\"has-contrast-3-color has-text-color has-link-color has-medium-font-size wp-elements-e0f8bc40bb5c931481baa19be21821b9\" style=\"margin-top:0;margin-bottom:0;padding-top:0;padding-bottom:0\">Business ID: 2614971-9<\/p>\n\n\n\n<ul class=\"wp-block-list\">\n<li>Founded in 2014<\/li>\n\n\n\n<li>A small Finnish metal industry operator<\/li>\n\n\n\n<li>Currently a one-man operation; previously also worked as an employer<\/li>\n<\/ul>\n\n\n\n<p><span style=\"text-decoration: underline;\"><a href=\"https:\/\/www.apesmetalshop.fi\/en\/historia\/\" target=\"_blank\" rel=\"noopener\" title=\"\">History<\/a><\/span><\/p>\n\n\n\n<ul class=\"wp-block-list\">\n<li>The business began with CNC and manual machining<\/li>\n\n\n\n<li>Reputation grew especially through visually striking custom components for motorcycles and cars, with a strong customer base also in industry<\/li>\n\n\n\n<li>3D design, MIG\/MAG welding, TIG welding, machinery and equipment repair, installation work, and project-based work were soon added to the offering<\/li>\n\n\n\n<li>Read the full history <a href=\"https:\/\/www.apesmetalshop.fi\/en\/historia\/\" target=\"_blank\" rel=\"noopener\" title=\"\">HERE<\/a><\/li>\n<\/ul>\n\n\n\n<p><span style=\"text-decoration: underline;\">Present day<\/span><\/p>\n\n\n\n<ul class=\"wp-block-list\">\n<li>Proprietary product: <a href=\"http:\/\/www.hitsauskurssi.fi\" target=\"_blank\" rel=\"noopener\" title=\"\">Hitsauskurssi.fi<strong>\u00ae<\/strong><\/a>\u2013 an efficient and practical basic course in MIG\/MAG welding<\/li>\n\n\n\n<li>Welding and modification work, repair welding, problem-solving assignments, design, consulting, and training<\/li>\n\n\n\n<li>Own machining equipment is no longer in use, but machining work is available through a subcontracting network or at the customer\u2019s own facilities<\/li>\n<\/ul>\n\n\n\n<hr class=\"wp-block-separator has-text-color has-base-2-color has-alpha-channel-opacity has-base-2-background-color has-background is-style-wide\" style=\"margin-top:var(--wp--preset--spacing--30);margin-bottom:var(--wp--preset--spacing--30)\"\/>\n\n\n\n<h2 class=\"wp-block-heading animated fadeIn delay-200ms slower has-system-sans-serif-font-family has-large-font-size\" style=\"font-style:normal;font-weight:100\">History and present day in images<\/h2>\n\n\n\n<div style=\"height:10px\" aria-hidden=\"true\" class=\"wp-block-spacer\"><\/div>\n\n\n\n<figure class=\"wp-block-gallery has-nested-images columns-default is-cropped animated fadeIn slower delay-200ms wp-block-gallery-4 is-layout-flex wp-block-gallery-is-layout-flex\">\n<figure class=\"wp-block-image size-large is-style-rounded is-style-rounded--1\"><img loading=\"lazy\" decoding=\"async\" width=\"1024\" height=\"683\" data-id=\"86\" src=\"https:\/\/www.apesmetalshop.fi\/wp-content\/uploads\/2024\/12\/DSC02457-1024x683.png\" alt=\"Alumiinista koneistettu j\u00e4\u00e4hdytyselementti\" class=\"wp-image-86\" srcset=\"https:\/\/www.apesmetalshop.fi\/wp-content\/uploads\/2024\/12\/DSC02457-1024x683.png 1024w, https:\/\/www.apesmetalshop.fi\/wp-content\/uploads\/2024\/12\/DSC02457-300x200.png 300w, https:\/\/www.apesmetalshop.fi\/wp-content\/uploads\/2024\/12\/DSC02457-768x512.png 768w, https:\/\/www.apesmetalshop.fi\/wp-content\/uploads\/2024\/12\/DSC02457.png 1200w\" sizes=\"auto, (max-width: 1024px) 100vw, 1024px\" \/><figcaption class=\"wp-element-caption\"><em>Machined aluminum heat sink<\/em><\/figcaption><\/figure>\n\n\n\n<figure class=\"wp-block-image size-large is-style-rounded is-style-rounded--2\"><img loading=\"lazy\" decoding=\"async\" width=\"600\" height=\"400\" data-id=\"87\" src=\"https:\/\/www.apesmetalshop.fi\/wp-content\/uploads\/2024\/12\/DSC02243.png\" alt=\"Yritys omistaa vahvan historian koneistuksesta\" class=\"wp-image-87\" srcset=\"https:\/\/www.apesmetalshop.fi\/wp-content\/uploads\/2024\/12\/DSC02243.png 600w, https:\/\/www.apesmetalshop.fi\/wp-content\/uploads\/2024\/12\/DSC02243-300x200.png 300w\" sizes=\"auto, (max-width: 600px) 100vw, 600px\" \/><figcaption class=\"wp-element-caption\"><em>The company has a strong background in machining<\/em><\/figcaption><\/figure>\n\n\n\n<figure class=\"wp-block-image size-large is-style-rounded is-style-rounded--3\"><img loading=\"lazy\" decoding=\"async\" width=\"1024\" height=\"683\" data-id=\"88\" src=\"https:\/\/www.apesmetalshop.fi\/wp-content\/uploads\/2024\/12\/DSC01253-1024x683.png\" alt=\"Moottoripy\u00f6r\u00e4n custom-vanteet\" class=\"wp-image-88\" srcset=\"https:\/\/www.apesmetalshop.fi\/wp-content\/uploads\/2024\/12\/DSC01253-1024x683.png 1024w, https:\/\/www.apesmetalshop.fi\/wp-content\/uploads\/2024\/12\/DSC01253-300x200.png 300w, https:\/\/www.apesmetalshop.fi\/wp-content\/uploads\/2024\/12\/DSC01253-768x512.png 768w, https:\/\/www.apesmetalshop.fi\/wp-content\/uploads\/2024\/12\/DSC01253.png 1200w\" sizes=\"auto, (max-width: 1024px) 100vw, 1024px\" \/><figcaption class=\"wp-element-caption\"><em>Striking custom wheels once produced in a small workshop in Tattarisuo<\/em><\/figcaption><\/figure>\n<\/figure>\n\n\n\n<figure class=\"wp-block-gallery has-nested-images columns-default is-cropped animated fadeIn delay-500ms slower wp-block-gallery-8 is-layout-flex wp-block-gallery-is-layout-flex\">\n<figure class=\"wp-block-image size-full is-style-rounded is-style-rounded--5\"><img loading=\"lazy\" decoding=\"async\" width=\"808\" height=\"540\" data-id=\"62\" src=\"https:\/\/www.apesmetalshop.fi\/wp-content\/uploads\/2024\/12\/Grilli-2.png\" alt=\"Alumiinia ja LED-valoja, ravintolan kyltti\" class=\"wp-image-62\" srcset=\"https:\/\/www.apesmetalshop.fi\/wp-content\/uploads\/2024\/12\/Grilli-2.png 808w, https:\/\/www.apesmetalshop.fi\/wp-content\/uploads\/2024\/12\/Grilli-2-300x200.png 300w, https:\/\/www.apesmetalshop.fi\/wp-content\/uploads\/2024\/12\/Grilli-2-768x513.png 768w\" sizes=\"auto, (max-width: 808px) 100vw, 808px\" \/><figcaption class=\"wp-element-caption\"><em>Aluminum and LED lighting \u2013 restaurant sign installed<\/em><\/figcaption><\/figure>\n\n\n\n<figure class=\"wp-block-image size-full is-style-rounded is-style-rounded--6\"><img loading=\"lazy\" decoding=\"async\" width=\"808\" height=\"540\" data-id=\"92\" src=\"https:\/\/www.apesmetalshop.fi\/wp-content\/uploads\/2024\/12\/DSC02335.png\" alt=\"Kamerateline teloilla varustettuun m\u00f6nkij\u00e4\u00e4n\" class=\"wp-image-92\" srcset=\"https:\/\/www.apesmetalshop.fi\/wp-content\/uploads\/2024\/12\/DSC02335.png 808w, https:\/\/www.apesmetalshop.fi\/wp-content\/uploads\/2024\/12\/DSC02335-300x200.png 300w, https:\/\/www.apesmetalshop.fi\/wp-content\/uploads\/2024\/12\/DSC02335-768x513.png 768w\" sizes=\"auto, (max-width: 808px) 100vw, 808px\" \/><figcaption class=\"wp-element-caption\"><em>Camera mount for a tracked ATV<\/em><\/figcaption><\/figure>\n\n\n\n<figure class=\"wp-block-image size-large is-style-rounded is-style-rounded--7\"><img loading=\"lazy\" decoding=\"async\" width=\"808\" height=\"540\" data-id=\"91\" src=\"https:\/\/www.apesmetalshop.fi\/wp-content\/uploads\/2024\/12\/DSC03098.png\" alt=\"Testilaitteen runko, paljon ter\u00e4st\u00e4\" class=\"wp-image-91\" srcset=\"https:\/\/www.apesmetalshop.fi\/wp-content\/uploads\/2024\/12\/DSC03098.png 808w, https:\/\/www.apesmetalshop.fi\/wp-content\/uploads\/2024\/12\/DSC03098-300x200.png 300w, https:\/\/www.apesmetalshop.fi\/wp-content\/uploads\/2024\/12\/DSC03098-768x513.png 768w\" sizes=\"auto, (max-width: 808px) 100vw, 808px\" \/><figcaption class=\"wp-element-caption\"><em>Measuring device frame and enclosure \u2013 design and manufacturing<\/em><\/figcaption><\/figure>\n<\/figure>\n\n\n\n<figure class=\"wp-block-gallery has-nested-images columns-default is-cropped animated fadeIn delay-1s slower wp-block-gallery-12 is-layout-flex wp-block-gallery-is-layout-flex\">\n<figure class=\"wp-block-image size-large is-style-rounded is-style-rounded--9\"><img loading=\"lazy\" decoding=\"async\" width=\"1024\" height=\"683\" data-id=\"93\" src=\"https:\/\/www.apesmetalshop.fi\/wp-content\/uploads\/2024\/12\/DSC03527-1024x683.png\" alt=\"Hitsauskurssi menossa\" class=\"wp-image-93\" srcset=\"https:\/\/www.apesmetalshop.fi\/wp-content\/uploads\/2024\/12\/DSC03527-1024x683.png 1024w, https:\/\/www.apesmetalshop.fi\/wp-content\/uploads\/2024\/12\/DSC03527-300x200.png 300w, https:\/\/www.apesmetalshop.fi\/wp-content\/uploads\/2024\/12\/DSC03527-768x512.png 768w, https:\/\/www.apesmetalshop.fi\/wp-content\/uploads\/2024\/12\/DSC03527.png 1500w\" sizes=\"auto, (max-width: 1024px) 100vw, 1024px\" \/><figcaption class=\"wp-element-caption\"><em>Welding course underway<\/em><\/figcaption><\/figure>\n\n\n\n<figure class=\"wp-block-image size-large is-style-rounded is-style-rounded--10\"><img loading=\"lazy\" decoding=\"async\" width=\"1024\" height=\"683\" data-id=\"94\" src=\"https:\/\/www.apesmetalshop.fi\/wp-content\/uploads\/2024\/12\/DSC03741-1024x683.png\" alt=\"Oppikirja, kokonaan omaa tuotantoa\" class=\"wp-image-94\" srcset=\"https:\/\/www.apesmetalshop.fi\/wp-content\/uploads\/2024\/12\/DSC03741-1024x683.png 1024w, https:\/\/www.apesmetalshop.fi\/wp-content\/uploads\/2024\/12\/DSC03741-300x200.png 300w, https:\/\/www.apesmetalshop.fi\/wp-content\/uploads\/2024\/12\/DSC03741-768x512.png 768w, https:\/\/www.apesmetalshop.fi\/wp-content\/uploads\/2024\/12\/DSC03741.png 1200w\" sizes=\"auto, (max-width: 1024px) 100vw, 1024px\" \/><figcaption class=\"wp-element-caption\"><em>Textbook for welding course, self-produced<\/em><\/figcaption><\/figure>\n\n\n\n<figure class=\"wp-block-image size-large is-style-rounded is-style-rounded--11\"><img loading=\"lazy\" decoding=\"async\" width=\"1024\" height=\"683\" data-id=\"212\" src=\"https:\/\/www.apesmetalshop.fi\/wp-content\/uploads\/2025\/12\/DSC04106-1024x683.png\" alt=\"Hitsauskurssilaisia harjoittelemassa\" class=\"wp-image-212\" srcset=\"https:\/\/www.apesmetalshop.fi\/wp-content\/uploads\/2025\/12\/DSC04106-1024x683.png 1024w, https:\/\/www.apesmetalshop.fi\/wp-content\/uploads\/2025\/12\/DSC04106-300x200.png 300w, https:\/\/www.apesmetalshop.fi\/wp-content\/uploads\/2025\/12\/DSC04106-768x512.png 768w, https:\/\/www.apesmetalshop.fi\/wp-content\/uploads\/2025\/12\/DSC04106.png 1500w\" sizes=\"auto, (max-width: 1024px) 100vw, 1024px\" \/><figcaption class=\"wp-element-caption\"><em>Welding course participants practicing<\/em><\/figcaption><\/figure>\n<\/figure>\n\n\n\n<hr class=\"wp-block-separator has-text-color has-base-2-color has-alpha-channel-opacity has-base-2-background-color has-background is-style-wide\"\/>\n\n\n\n<div style=\"height:20px\" aria-hidden=\"true\" class=\"wp-block-spacer\"><\/div>\n\n\n\n<div class=\"wp-block-columns is-layout-flex wp-container-core-columns-is-layout-28f84493 wp-block-columns-is-layout-flex\">\n<div class=\"wp-block-column is-layout-flow wp-block-column-is-layout-flow\">\n<p class=\"has-contrast-3-color has-text-color has-link-color has-small-font-size wp-elements-01d9f564b4026c77e934f6c3124392ee\"><em>Anssi Juvonen<br>Entrepreneur \/ Owner \/ Technical Educator<br>anssi.juvonen@apesmetalshop.fi<br>0407607070<\/em><\/p>\n<\/div>\n\n\n\n<div class=\"wp-block-column is-layout-flow wp-block-column-is-layout-flow\">\n<figure class=\"wp-block-image size-full\"><img loading=\"lazy\" decoding=\"async\" width=\"895\" height=\"896\" src=\"https:\/\/www.apesmetalshop.fi\/wp-content\/uploads\/2024\/12\/Ota-yhteytta-Ape2.png\" alt=\"\" class=\"wp-image-56\" srcset=\"https:\/\/www.apesmetalshop.fi\/wp-content\/uploads\/2024\/12\/Ota-yhteytta-Ape2.png 895w, https:\/\/www.apesmetalshop.fi\/wp-content\/uploads\/2024\/12\/Ota-yhteytta-Ape2-300x300.png 300w, https:\/\/www.apesmetalshop.fi\/wp-content\/uploads\/2024\/12\/Ota-yhteytta-Ape2-150x150.png 150w, https:\/\/www.apesmetalshop.fi\/wp-content\/uploads\/2024\/12\/Ota-yhteytta-Ape2-768x769.png 768w\" sizes=\"auto, (max-width: 895px) 100vw, 895px\" \/><\/figure>\n<\/div>\n<\/div>","protected":false},"excerpt":{"rendered":"<p>Ape&#8217;s metalshop Oy Y-tunnus 2614971-9 Historia Nykyisyys Historiaa ja nykyisyytt\u00e4 kuvina Anssi JuvonenYritt\u00e4j\u00e4 \/ Omistaja \/ Kouluttajaanssi.juvonen@apesmetalshop.fi0407607070<\/p>","protected":false},"author":1,"featured_media":0,"parent":0,"menu_order":0,"comment_status":"closed","ping_status":"closed","template":"","meta":{"om_disable_all_campaigns":false,"_monsterinsights_skip_tracking":false,"_monsterinsights_sitenote_active":false,"_monsterinsights_sitenote_note":"","_monsterinsights_sitenote_category":0,"_themeisle_gutenberg_block_has_review":false,"footnotes":""},"class_list":["post-77","page","type-page","status-publish","hentry"],"aioseo_notices":[],"_links":{"self":[{"href":"https:\/\/www.apesmetalshop.fi\/en\/wp-json\/wp\/v2\/pages\/77","targetHints":{"allow":["GET"]}}],"collection":[{"href":"https:\/\/www.apesmetalshop.fi\/en\/wp-json\/wp\/v2\/pages"}],"about":[{"href":"https:\/\/www.apesmetalshop.fi\/en\/wp-json\/wp\/v2\/types\/page"}],"author":[{"embeddable":true,"href":"https:\/\/www.apesmetalshop.fi\/en\/wp-json\/wp\/v2\/users\/1"}],"replies":[{"embeddable":true,"href":"https:\/\/www.apesmetalshop.fi\/en\/wp-json\/wp\/v2\/comments?post=77"}],"version-history":[{"count":13,"href":"https:\/\/www.apesmetalshop.fi\/en\/wp-json\/wp\/v2\/pages\/77\/revisions"}],"predecessor-version":[{"id":393,"href":"https:\/\/www.apesmetalshop.fi\/en\/wp-json\/wp\/v2\/pages\/77\/revisions\/393"}],"wp:attachment":[{"href":"https:\/\/www.apesmetalshop.fi\/en\/wp-json\/wp\/v2\/media?parent=77"}],"curies":[{"name":"wp","href":"https:\/\/api.w.org\/{rel}","templated":true}]}}