{"id":80,"date":"2024-12-17T18:12:45","date_gmt":"2024-12-17T18:12:45","guid":{"rendered":"https:\/\/www.apesmetalshop.fi\/?page_id=80"},"modified":"2025-12-28T09:48:46","modified_gmt":"2025-12-28T09:48:46","slug":"artikkelit","status":"publish","type":"page","link":"https:\/\/www.apesmetalshop.fi\/en\/artikkelit\/","title":{"rendered":"Articles"},"content":{"rendered":"<h1 class=\"wp-block-heading has-text-align-center has-body-font-family\">Articles<\/h1>\n\n\n\n<p class=\"has-text-align-center\">A stream of thoughts about making, working, and entrepreneurship.<br>If you\u2019re interested in welding, be sure to check out the <a href=\"http:\/\/www.hitsauskurssi.fi\/artikkelit\" title=\"\">Hitsauskurssi.fi\u00ae articles<\/a>.<\/p>\n\n\n\n<div style=\"height:25px\" aria-hidden=\"true\" class=\"wp-block-spacer\"><\/div>\n\n\n\n<p class=\"has-text-align-center\" style=\"margin-top:var(--wp--preset--spacing--20);margin-bottom:var(--wp--preset--spacing--20);font-style:italic;font-weight:100\">Articles coming soon! Check back later.<br>-Ape<\/p>\n\n\n\n<figure class=\"wp-block-image size-full is-style-rounded is-style-rounded--1\"><img loading=\"lazy\" decoding=\"async\" width=\"646\" height=\"432\" src=\"https:\/\/www.apesmetalshop.fi\/wp-content\/uploads\/2024\/12\/DSC01510.png\" alt=\"Alumiiniset irtokirjaimet kuin artikkelit - ilman j\u00e4rjestyst\u00e4\" class=\"wp-image-99\" srcset=\"https:\/\/www.apesmetalshop.fi\/wp-content\/uploads\/2024\/12\/DSC01510.png 646w, https:\/\/www.apesmetalshop.fi\/wp-content\/uploads\/2024\/12\/DSC01510-300x201.png 300w\" sizes=\"auto, (max-width: 646px) 100vw, 646px\" \/><\/figure>\n\n\n\n<hr class=\"wp-block-separator has-text-color has-base-2-color has-alpha-channel-opacity has-base-2-background-color has-background is-style-wide\" style=\"margin-top:var(--wp--preset--spacing--40);margin-bottom:var(--wp--preset--spacing--40)\"\/>","protected":false},"excerpt":{"rendered":"<p>Artikkelit Ajatuksen virtaa tekemisest\u00e4, t\u00f6ist\u00e4 ja yritt\u00e4jyydest\u00e4.Jos olet kiinnostunut hitsaamisesta, k\u00e4y kurkkaamassa Hitsauskurssi.fi\u00ae-artikkelit. Artikkelit vasta tulossa! Tule kurkkaamaan my\u00f6hemmin uudestaan.-Ape<\/p>","protected":false},"author":1,"featured_media":0,"parent":0,"menu_order":0,"comment_status":"closed","ping_status":"closed","template":"","meta":{"om_disable_all_campaigns":false,"_monsterinsights_skip_tracking":false,"_monsterinsights_sitenote_active":false,"_monsterinsights_sitenote_note":"","_monsterinsights_sitenote_category":0,"_themeisle_gutenberg_block_has_review":false,"footnotes":""},"class_list":["post-80","page","type-page","status-publish","hentry"],"aioseo_notices":[],"_links":{"self":[{"href":"https:\/\/www.apesmetalshop.fi\/en\/wp-json\/wp\/v2\/pages\/80","targetHints":{"allow":["GET"]}}],"collection":[{"href":"https:\/\/www.apesmetalshop.fi\/en\/wp-json\/wp\/v2\/pages"}],"about":[{"href":"https:\/\/www.apesmetalshop.fi\/en\/wp-json\/wp\/v2\/types\/page"}],"author":[{"embeddable":true,"href":"https:\/\/www.apesmetalshop.fi\/en\/wp-json\/wp\/v2\/users\/1"}],"replies":[{"embeddable":true,"href":"https:\/\/www.apesmetalshop.fi\/en\/wp-json\/wp\/v2\/comments?post=80"}],"version-history":[{"count":6,"href":"https:\/\/www.apesmetalshop.fi\/en\/wp-json\/wp\/v2\/pages\/80\/revisions"}],"predecessor-version":[{"id":320,"href":"https:\/\/www.apesmetalshop.fi\/en\/wp-json\/wp\/v2\/pages\/80\/revisions\/320"}],"wp:attachment":[{"href":"https:\/\/www.apesmetalshop.fi\/en\/wp-json\/wp\/v2\/media?parent=80"}],"curies":[{"name":"wp","href":"https:\/\/api.w.org\/{rel}","templated":true}]}}